{"id":35,"date":"2014-01-31T13:12:12","date_gmt":"2014-01-31T13:12:12","guid":{"rendered":"http:\/\/hariivancic.com\/?page_id=35"},"modified":"2023-02-12T18:32:09","modified_gmt":"2023-02-12T17:32:09","slug":"tekstovi","status":"publish","type":"page","link":"https:\/\/hariivancic.com\/hr\/tekstovi\/","title":{"rendered":"RECENZIJE"},"content":{"rendered":"<p><ul class=\"lcp_catlist\" id=\"lcp_instance_0\"><li><div class=\"lcp_title\"><a href=\"https:\/\/hariivancic.com\/hr\/berislav-valusek\/\">IZA POVR\u0160INE<\/a><\/div><p class=\"lcp_excerpt\"><\/p>\n<p>&#8220;Dvoslojnost i\/ili vi&scaron;eslojnost slika Harija Ivan\u010di\u0107a je apsolutna novina u na&scaron;im i svjetskim relacijama, barem koliko je autoru ovih redaka poznato. Skoro godinu i pol dana, kako tvrdi autor, odvajale su se i padale uljene boje s platnene povr&scaron;ine maksimalno zasi\u0107ene materijalom, nakon \u010dega ih je skupljao s poda i repetitivno nanosio na okomitu povr&scaron;inu&#8221;<\/p>\n<p>Berislav VALU&Scaron;EK, srpanj 2013.<\/p><\/p>\n<\/p><a href=\"https:\/\/hariivancic.com\/hr\/berislav-valusek\/\" class=\"lcp_morelink\">PRO\u010cITAJ VI\u0160E<\/a><\/li><li><div class=\"lcp_title\"><a href=\"https:\/\/hariivancic.com\/hr\/gorka-ostojic-cvajner\/\">NOVA ZEMLJA<\/a><\/div><p class=\"lcp_excerpt\"><p>&#8220;Mijenjala se sustavno, polagano, proosje\u0107ano, promi\u0161ljeno, zriju\u0107i u duhu autora &#8211; tek stilnost njegovih djela. Od delikatne asocijativno-simboli\u010dke ikonike ranih devedesetih, do dana\u0161nje slikarske sinteze u kojoj od mimezisa ostaje samo monumentalna dinami\u010dka konfiguracija crvenih, bijelih i sivih oranica koje ritmi\u010dki, poput molitve idu gore, u nebesa&#8221;<\/p>\n<p>Gorka OSTOJI\u0106 CVAJNER, srpanj 2010.<\/p>\n<h6>ravnateljica MSU Istre<\/h6>\n<\/p><a href=\"https:\/\/hariivancic.com\/hr\/gorka-ostojic-cvajner\/\" class=\"lcp_morelink\">PRO\u010cITAJ VI\u0160E<\/a><\/li><li><div class=\"lcp_title\"><a href=\"https:\/\/hariivancic.com\/hr\/tonko-maroevic-2\/\">ZEMLJINA KORA, ZEMLJINA KO\u017dA<\/a><\/div><p class=\"lcp_excerpt\"><p>&#8220;Kod Ivan\u010di\u0107eva kidanja i rezanja platna postaja bitnom znati\u017eelja naspram plodne konfrontacije dviju faza, dvaju slojeva ili dvaju entiteta slike. Kaptiranje slu\u010daja, uklju\u010divanje stanovite aleatori\u010dnosti ili ludi\u010dnosti, na\u0161 je slikar prihvatio kao \u0161ansu i izazov oboga\u0107enja fakture, ku\u0161nju stvarnog \u201eprodubljenja\u201c zahtjevne problematike \u017eivota oblika.&#8221;<\/p>\n<p>Tonko MAROEVI\u0106, lipanj 2010.<\/p>\n<\/p><a href=\"https:\/\/hariivancic.com\/hr\/tonko-maroevic-2\/\" class=\"lcp_morelink\">PRO\u010cITAJ VI\u0160E<\/a><\/li><li><div class=\"lcp_title\"><a href=\"https:\/\/hariivancic.com\/hr\/tonko-maroevic\/\">ARZA I TEZA ZEMLJINE PU\u010cINE<\/a><\/div><p class=\"lcp_excerpt\"><p>&#8220;Naime, boja je nano\u0161ena u gustim slojevima, koji kao da se me\u0111usobno pretapaju ili dijelom preklapaju, prelaze\u0107i jedan preko drugog, ali ne prekrivaju\u0107i donji sloj u potpunosti. Hrapavost, reljefnost pigmenta tako\u0111er nosi ne\u0161to izravnog, odlu\u010dnog, \u201dte\u017ea\u010dkoga\u201d, tako da slika, unato\u010d organiziranosti i sre\u0111enosti, zadr\u017eava u sebi napon organskog \u017eivota, sposobnost da se takore\u0107i sama iz sebe obnavlja.&#8221;<\/p>\n<p>Tonko MAROEVI\u0106, kolovoz 2007.<\/p>\n<\/p><a href=\"https:\/\/hariivancic.com\/hr\/tonko-maroevic\/\" class=\"lcp_morelink\">PRO\u010cITAJ VI\u0160E<\/a><\/li><li><div class=\"lcp_title\"><a href=\"https:\/\/hariivancic.com\/hr\/igor-zidaric\/\">SLIKAR, NJEGOVA ZEMLJA, SLIKE<\/a><\/div><p class=\"lcp_excerpt\"><p>&#8220;U op\u0107oj vrtnji svega, Ivan\u010di\u0107 ho\u0107e \u2013 i mo\u017ee \u2013 u\u010dvrstiti svoje <i>zemlje<\/i>. Ka\u017eemo li jo\u0161 i to da nam, gledano s jezi\u010dnoga stajali\u0161ta, nudi ponaj\u010de\u0161\u0107e <i>bijele<\/i> i <i>crvene zemlje<\/i>, rekao sam da nam obe\u0107ava bipolarnost svijeta: <i>bijelo<\/i> etera, kao bjelinu zra\u010dnoga i <i>crveno<\/i> krvi, kao crvenilo zemnoga \u2013 figure duha i tijela, astralnoga i tvarnoga.&#8221;<\/p>\n<p>Igor ZIDI\u0106, lipanj 2003.<\/p>\n<h6>ravnatelj Moderne galerije, Zagreb<\/h6>\n<\/p><a href=\"https:\/\/hariivancic.com\/hr\/igor-zidaric\/\" class=\"lcp_morelink\">PRO\u010cITAJ VI\u0160E<\/a><\/li><li><div class=\"lcp_title\"><a href=\"https:\/\/hariivancic.com\/hr\/natasa-segota-lah\/\">ZEMLJA OSTAJE: MATRICA&#8230; METRIKA&#8230; MAJEURIKA&#8230; MIT<\/a><\/div><p class=\"lcp_excerpt\"><p>&#8220;Tlo je, mi\u0161ljeno kao zemlja, baza i oslonac, arhetipski svijet subjekta-svjedoka. Baza. Po\u010detak. \u010cvrstina. Ure\u0161en svjetlo\u0161\u0107u, taj se princip zemaljske \u010dvrstine razgra\u0111uje u \u010dulni, pa i strastveni princip <i>vje\u010ditog vra\u0107anja istom<\/i>.&#8221;<\/p>\n<p>Nata\u0161a \u0160EGOTA LAH, svibanj 2001.<\/p>\n<\/p><a href=\"https:\/\/hariivancic.com\/hr\/natasa-segota-lah\/\" class=\"lcp_morelink\">PRO\u010cITAJ VI\u0160E<\/a><\/li><li><div class=\"lcp_title\"><a href=\"https:\/\/hariivancic.com\/hr\/mladen-pejakovic\/\">ZEMLJA ISTRA<\/a><\/div><p class=\"lcp_excerpt\"><p>&#8220;Mo\u017eemo se, dakako, \u017ealostiti ili negodovati nad \u010dinjenicom da je svaki \u010dovjekov zavi\u010daj malen, tih ili ne\u010dujan. No, svaka je parcela na\u0161ega \u017eivota i jedini na\u0161 okvir, a o ljudskoj odnosno duhovnoj snazi ovisi ho\u0107e li usko mjesto i kratkotrajni trenutak postati o\u010di\u0161\u0107eni kutak i dotaknuti rubove basne, jedina vrata nebesa. &#8221;<\/p>\n<p>Mladen PEJAKOVI\u0106, prosinac 1999.<\/p>\n<\/p><a href=\"https:\/\/hariivancic.com\/hr\/mladen-pejakovic\/\" class=\"lcp_morelink\">PRO\u010cITAJ VI\u0160E<\/a><\/li><\/ul><\/p>","protected":false},"excerpt":{"rendered":"","protected":false},"author":1,"featured_media":0,"parent":0,"menu_order":3,"comment_status":"closed","ping_status":"closed","template":"tekstovi.php","meta":{"_acf_changed":false,"footnotes":""},"acf":[],"_links":{"self":[{"href":"https:\/\/hariivancic.com\/hr\/wp-json\/wp\/v2\/pages\/35"}],"collection":[{"href":"https:\/\/hariivancic.com\/hr\/wp-json\/wp\/v2\/pages"}],"about":[{"href":"https:\/\/hariivancic.com\/hr\/wp-json\/wp\/v2\/types\/page"}],"author":[{"embeddable":true,"href":"https:\/\/hariivancic.com\/hr\/wp-json\/wp\/v2\/users\/1"}],"replies":[{"embeddable":true,"href":"https:\/\/hariivancic.com\/hr\/wp-json\/wp\/v2\/comments?post=35"}],"version-history":[{"count":2,"href":"https:\/\/hariivancic.com\/hr\/wp-json\/wp\/v2\/pages\/35\/revisions"}],"predecessor-version":[{"id":3104,"href":"https:\/\/hariivancic.com\/hr\/wp-json\/wp\/v2\/pages\/35\/revisions\/3104"}],"wp:attachment":[{"href":"https:\/\/hariivancic.com\/hr\/wp-json\/wp\/v2\/media?parent=35"}],"curies":[{"name":"wp","href":"https:\/\/api.w.org\/{rel}","templated":true}]}}