{"id":37,"date":"2014-01-31T13:12:24","date_gmt":"2014-01-31T13:12:24","guid":{"rendered":"http:\/\/hariivancic.com\/?page_id=37"},"modified":"2023-02-12T12:55:17","modified_gmt":"2023-02-12T11:55:17","slug":"biografija","status":"publish","type":"page","link":"https:\/\/hariivancic.com\/hr\/biografija\/","title":{"rendered":"BIOGRAFIJA"},"content":{"rendered":"<p><\/p>\n<h3>BIOGRAFIJA<\/h3>\n<p class=\"none\">Hari Ivan\u010di\u0107 je ro\u0111en 26. studenoga 1967. godine u Pazinu. \u0160kolu za primijenjenu umjetnost i dizajn (odjel grafike) zavr\u0161io je u Zagrebu. Godine 1994. diplomirao je slikarstvo na Akademiji likovnih umjetnosti u klasi prof.Vasilija Jordana, tako\u0111er u Zagrebu.<\/p>\n<p class=\"none\">\u010clan je HDLU-a Istre, Rijeke i Zagreba, te Hrvatske zajednice samostalnih umjetnika.<\/p>\n<p class=\"none\">\u017divi i radi u Buzetu.<\/p>\n<h3><\/h3>\n<h3><span style=\"font-size: 10pt;\"><img loading=\"lazy\" decoding=\"async\" class=\"img_bio alignleft wp-image-1278\" src=\"https:\/\/hariivancic.com\/wp-content\/uploads\/2023\/02\/r.png\" alt=\"r\" width=\"20\" height=\"20\" \/>\u00a0\u00a0<a title=\"SOLO EXHIBITIONS\" href=\"https:\/\/hariivancic.com\/samostalne-izlozbe\/\">SAMOSTALNE IZLO\u017dBE<\/a><\/span><\/h3>\n<h3><span style=\"font-size: 10pt;\"><img loading=\"lazy\" decoding=\"async\" class=\"img_bio alignleft wp-image-1278\" src=\"https:\/\/hariivancic.com\/wp-content\/uploads\/2023\/02\/r.png\" alt=\"r\" width=\"20\" height=\"20\" \/>\u00a0\u00a0<a title=\"GROUP EXIBITIONS\" href=\"https:\/\/hariivancic.com\/grupne-izlozbe\/\">GRUPNE IZLO\u017dBE<\/a><\/span><\/h3>\n<h3><span style=\"font-size: 10pt;\"><img loading=\"lazy\" decoding=\"async\" class=\"img_bio alignleft wp-image-1278\" src=\"https:\/\/hariivancic.com\/wp-content\/uploads\/2023\/02\/r.png\" alt=\"r\" width=\"20\" height=\"20\" \/>\u00a0\u00a0<a title=\"AWARDS\" href=\"https:\/\/hariivancic.com\/nagrade\/\">NAGRADE<\/a><\/span><\/h3>\n<p><\/p>","protected":false},"excerpt":{"rendered":"<p>BIOGRAFIJA Hari Ivan\u010di\u0107 je ro\u0111en 26. studenoga 1967. godine u Pazinu. \u0160kolu za primijenjenu umjetnost i dizajn (odjel grafike) zavr\u0161io je u Zagrebu. Godine 1994. diplomirao je slikarstvo na Akademiji likovnih umjetnosti u klasi prof.Vasilija Jordana, tako\u0111er u Zagrebu. \u010clan je HDLU-a Istre, Rijeke i Zagreba, te Hrvatske zajednice samostalnih umjetnika. \u017divi i radi u [&hellip;]<\/p>\n","protected":false},"author":1,"featured_media":0,"parent":0,"menu_order":2,"comment_status":"closed","ping_status":"closed","template":"biografija.php","meta":{"_acf_changed":false,"footnotes":""},"acf":[],"_links":{"self":[{"href":"https:\/\/hariivancic.com\/hr\/wp-json\/wp\/v2\/pages\/37"}],"collection":[{"href":"https:\/\/hariivancic.com\/hr\/wp-json\/wp\/v2\/pages"}],"about":[{"href":"https:\/\/hariivancic.com\/hr\/wp-json\/wp\/v2\/types\/page"}],"author":[{"embeddable":true,"href":"https:\/\/hariivancic.com\/hr\/wp-json\/wp\/v2\/users\/1"}],"replies":[{"embeddable":true,"href":"https:\/\/hariivancic.com\/hr\/wp-json\/wp\/v2\/comments?post=37"}],"version-history":[{"count":1,"href":"https:\/\/hariivancic.com\/hr\/wp-json\/wp\/v2\/pages\/37\/revisions"}],"predecessor-version":[{"id":1497,"href":"https:\/\/hariivancic.com\/hr\/wp-json\/wp\/v2\/pages\/37\/revisions\/1497"}],"wp:attachment":[{"href":"https:\/\/hariivancic.com\/hr\/wp-json\/wp\/v2\/media?parent=37"}],"curies":[{"name":"wp","href":"https:\/\/api.w.org\/{rel}","templated":true}]}}