{"id":39,"date":"2014-01-31T13:12:37","date_gmt":"2014-01-31T13:12:37","guid":{"rendered":"http:\/\/hariivancic.com\/?page_id=39"},"modified":"2023-02-21T19:29:36","modified_gmt":"2023-02-21T18:29:36","slug":"kontakt","status":"publish","type":"page","link":"https:\/\/hariivancic.com\/hr\/kontakt\/","title":{"rendered":"KONTAKT"},"content":{"rendered":"<p><\/p>\n<h3 style=\"text-align: left;\">KONTAKT<\/h3>\n<p><strong>Atelier Ivan\u010di\u0107, Buzet<br \/>\n<\/strong>Mala Vrata 4a, 52420 Buzet<\/p>\n<p><strong>Atelier\/Galerija Ivan\u010di\u0107, Crkvica Sv. Kri\u017ea, Rovinj<br \/>\n<\/strong>Ulica Sv. Kri\u017ea 29, 52210 Rovinj<\/p>\n<p>M. 00385(0)91 33 22 333<br \/>\nwww.hariivancic.com<br \/>\ninfo@hariivancic.com<\/p>\n<h5><strong>Promocija i prodaja slika<\/strong><\/h5>\n<p><strong>Galerija Skladi\u0161te, Buzet<br \/>\n<\/strong>Mala Vrata 4, 52420 Buzet<\/p>\n<p>M. 00385(0)91 66 35 577<br \/>\nskladiste.gallery@hariivancic.com<\/p>\n<p><div class=\"wpforms-container wpforms-container-full\" id=\"wpforms-3105\"><form id=\"wpforms-form-3105\" class=\"wpforms-validate wpforms-form wpforms-ajax-form\" data-formid=\"3105\" method=\"post\" enctype=\"multipart\/form-data\" action=\"\/hr\/wp-json\/wp\/v2\/pages\/39\" data-token=\"1da26ed1359e7e3aadbef70091f86164\" data-token-time=\"1775738062\"><noscript class=\"wpforms-error-noscript\">Please enable JavaScript in your browser to complete this form.<\/noscript><div class=\"wpforms-field-container\"><div id=\"wpforms-3105-field_1-container\" class=\"wpforms-field wpforms-field-name\" data-field-id=\"1\"><label class=\"wpforms-field-label\" for=\"wpforms-3105-field_1\">Ime <span class=\"wpforms-required-label\">*<\/span><\/label><input type=\"text\" id=\"wpforms-3105-field_1\" class=\"wpforms-field-large wpforms-field-required\" name=\"wpforms[fields][1]\" required><\/div><div id=\"wpforms-3105-field_3-container\" class=\"wpforms-field wpforms-field-email\" data-field-id=\"3\"><label class=\"wpforms-field-label\" for=\"wpforms-3105-field_3\">Email <span class=\"wpforms-required-label\">*<\/span><\/label><input type=\"email\" id=\"wpforms-3105-field_3\" class=\"wpforms-field-large wpforms-field-required\" name=\"wpforms[fields][3]\" spellcheck=\"false\" required><\/div><div id=\"wpforms-3105-field_2-container\" class=\"wpforms-field wpforms-field-textarea\" data-field-id=\"2\"><label class=\"wpforms-field-label\" for=\"wpforms-3105-field_2\">Poruka<\/label><textarea id=\"wpforms-3105-field_2\" class=\"wpforms-field-medium\" name=\"wpforms[fields][2]\" ><\/textarea><\/div><\/div><!-- .wpforms-field-container --><div class=\"wpforms-submit-container\" ><input type=\"hidden\" name=\"wpforms[id]\" value=\"3105\"><input type=\"hidden\" name=\"page_title\" value=\"\"><input type=\"hidden\" name=\"page_url\" value=\"https:\/\/hariivancic.com\/hr\/wp-json\/wp\/v2\/pages\/39\"><button type=\"submit\" name=\"wpforms[submit]\" id=\"wpforms-submit-3105\" class=\"wpforms-submit\" aria-live=\"assertive\" value=\"wpforms-submit\">PO\u0160ALJI<\/button><img loading=\"lazy\" decoding=\"async\" src=\"https:\/\/hariivancic.com\/wp-content\/plugins\/wpforms-lite\/assets\/images\/submit-spin.svg\" class=\"wpforms-submit-spinner\" style=\"display: none;\" width=\"26\" height=\"26\" alt=\"Loading\"><\/div><\/form><\/div>  <!-- .wpforms-container --><\/p>","protected":false},"excerpt":{"rendered":"<p>KONTAKT Atelier Ivan\u010di\u0107, Buzet Mala Vrata 4a, 52420 Buzet Atelier\/Galerija Ivan\u010di\u0107, Crkvica Sv. Kri\u017ea, Rovinj Ulica Sv. Kri\u017ea 29, 52210 Rovinj M. 00385(0)91 33 22 333 www.hariivancic.com info@hariivancic.com Promocija i prodaja slika Galerija Skladi\u0161te, Buzet Mala Vrata 4, 52420 Buzet M. 00385(0)91 66 35 577 skladiste.gallery@hariivancic.com<\/p>\n","protected":false},"author":1,"featured_media":0,"parent":0,"menu_order":1,"comment_status":"open","ping_status":"closed","template":"kontakt.php","meta":{"_acf_changed":false,"footnotes":""},"acf":[],"_links":{"self":[{"href":"https:\/\/hariivancic.com\/hr\/wp-json\/wp\/v2\/pages\/39"}],"collection":[{"href":"https:\/\/hariivancic.com\/hr\/wp-json\/wp\/v2\/pages"}],"about":[{"href":"https:\/\/hariivancic.com\/hr\/wp-json\/wp\/v2\/types\/page"}],"author":[{"embeddable":true,"href":"https:\/\/hariivancic.com\/hr\/wp-json\/wp\/v2\/users\/1"}],"replies":[{"embeddable":true,"href":"https:\/\/hariivancic.com\/hr\/wp-json\/wp\/v2\/comments?post=39"}],"version-history":[{"count":2,"href":"https:\/\/hariivancic.com\/hr\/wp-json\/wp\/v2\/pages\/39\/revisions"}],"predecessor-version":[{"id":3255,"href":"https:\/\/hariivancic.com\/hr\/wp-json\/wp\/v2\/pages\/39\/revisions\/3255"}],"wp:attachment":[{"href":"https:\/\/hariivancic.com\/hr\/wp-json\/wp\/v2\/media?parent=39"}],"curies":[{"name":"wp","href":"https:\/\/api.w.org\/{rel}","templated":true}]}}